{"id":49,"date":"2023-11-17T13:17:53","date_gmt":"2023-11-17T12:17:53","guid":{"rendered":"https:\/\/mpvdrone.fr\/?page_id=49"},"modified":"2024-10-04T10:02:41","modified_gmt":"2024-10-04T08:02:41","slug":"accueil","status":"publish","type":"page","link":"https:\/\/mpvdrone.fr\/","title":{"rendered":"Accueil"},"content":{"rendered":"\t\t<div data-elementor-type=\"wp-page\" data-elementor-id=\"49\" class=\"elementor elementor-49\">\n\t\t\t\t<div class=\"elementor-element elementor-element-2aa0c06 e-flex e-con-boxed e-con e-parent\" data-id=\"2aa0c06\" data-element_type=\"container\" data-settings=\"{&quot;background_background&quot;:&quot;video&quot;,&quot;background_video_link&quot;:&quot;https:\\\/\\\/youtu.be\\\/XKwmD9sryyY&quot;,&quot;background_play_on_mobile&quot;:&quot;yes&quot;}\">\n\t\t\t\t\t<div class=\"e-con-inner\">\n\t\t<div class=\"elementor-background-video-container\">\n\t\t\t\t\t\t\t<div class=\"elementor-background-video-embed\"><\/div>\n\t\t\t\t\t\t<\/div>\t\t\t<\/div>\n\t\t\t\t<\/div>\n\t\t<div class=\"elementor-element elementor-element-cfbcee0 e-flex e-con-boxed e-con e-parent\" data-id=\"cfbcee0\" data-element_type=\"container\">\n\t\t\t\t\t<div class=\"e-con-inner\">\n\t\t\t\t\t<\/div>\n\t\t\t\t<\/div>\n\t\t<div class=\"elementor-element elementor-element-478d6c1 e-con-full e-flex e-con e-parent\" data-id=\"478d6c1\" data-element_type=\"container\">\n\t\t<div class=\"elementor-element elementor-element-103e600 e-con-full e-flex e-con e-child\" data-id=\"103e600\" data-element_type=\"container\">\n\t\t\t\t<div class=\"elementor-element elementor-element-fceda84 elementor-widget elementor-widget-heading\" data-id=\"fceda84\" data-element_type=\"widget\" data-widget_type=\"heading.default\">\n\t\t\t\t<div class=\"elementor-widget-container\">\n\t\t\t<style>\/*! elementor - v3.21.0 - 08-05-2024 *\/\n.elementor-heading-title{padding:0;margin:0;line-height:1}.elementor-widget-heading .elementor-heading-title[class*=elementor-size-]>a{color:inherit;font-size:inherit;line-height:inherit}.elementor-widget-heading .elementor-heading-title.elementor-size-small{font-size:15px}.elementor-widget-heading .elementor-heading-title.elementor-size-medium{font-size:19px}.elementor-widget-heading .elementor-heading-title.elementor-size-large{font-size:29px}.elementor-widget-heading .elementor-heading-title.elementor-size-xl{font-size:39px}.elementor-widget-heading .elementor-heading-title.elementor-size-xxl{font-size:59px}<\/style><h2 class=\"elementor-heading-title elementor-size-default\">Pilote Professionel<\/h2>\t\t<\/div>\n\t\t\t\t<\/div>\n\t\t\t\t<div class=\"elementor-element elementor-element-77977b8 elementor-widget__width-initial elementor-widget elementor-widget-text-editor\" data-id=\"77977b8\" data-element_type=\"widget\" data-widget_type=\"text-editor.default\">\n\t\t\t\t<div class=\"elementor-widget-container\">\n\t\t\t<style>\/*! elementor - v3.21.0 - 08-05-2024 *\/\n.elementor-widget-text-editor.elementor-drop-cap-view-stacked .elementor-drop-cap{background-color:#69727d;color:#fff}.elementor-widget-text-editor.elementor-drop-cap-view-framed .elementor-drop-cap{color:#69727d;border:3px solid;background-color:transparent}.elementor-widget-text-editor:not(.elementor-drop-cap-view-default) .elementor-drop-cap{margin-top:8px}.elementor-widget-text-editor:not(.elementor-drop-cap-view-default) .elementor-drop-cap-letter{width:1em;height:1em}.elementor-widget-text-editor .elementor-drop-cap{float:left;text-align:center;line-height:1;font-size:50px}.elementor-widget-text-editor .elementor-drop-cap-letter{display:inline-block}<\/style>\t\t\t\t<p style=\"text-align: center;\">P<span class=\"wixui-rich-text__text\">ilote dipl\u00f4m\u00e9 et certifi\u00e9 disposant des autorisations pour survoler l&rsquo;Europe enti\u00e8re<\/span><\/p>\t\t\t\t\t\t<\/div>\n\t\t\t\t<\/div>\n\t\t\t\t<\/div>\n\t\t\t\t<div class=\"elementor-element elementor-element-6539ff5 elementor-widget elementor-widget-image\" data-id=\"6539ff5\" data-element_type=\"widget\" data-widget_type=\"image.default\">\n\t\t\t\t<div class=\"elementor-widget-container\">\n\t\t\t<style>\/*! elementor - v3.21.0 - 08-05-2024 *\/\n.elementor-widget-image{text-align:center}.elementor-widget-image a{display:inline-block}.elementor-widget-image a img[src$=\".svg\"]{width:48px}.elementor-widget-image img{vertical-align:middle;display:inline-block}<\/style>\t\t\t\t\t\t\t\t\t\t<img fetchpriority=\"high\" decoding=\"async\" width=\"2048\" height=\"1247\" src=\"https:\/\/mpvdrone.fr\/wp-content\/uploads\/2023\/11\/dronemain.jpg\" class=\"attachment-full size-full wp-image-56\" alt=\"\" srcset=\"https:\/\/mpvdrone.fr\/wp-content\/uploads\/2023\/11\/dronemain.jpg 2048w, https:\/\/mpvdrone.fr\/wp-content\/uploads\/2023\/11\/dronemain-300x183.jpg 300w, https:\/\/mpvdrone.fr\/wp-content\/uploads\/2023\/11\/dronemain-1024x624.jpg 1024w, https:\/\/mpvdrone.fr\/wp-content\/uploads\/2023\/11\/dronemain-768x468.jpg 768w, https:\/\/mpvdrone.fr\/wp-content\/uploads\/2023\/11\/dronemain-1536x935.jpg 1536w\" sizes=\"(max-width: 2048px) 100vw, 2048px\" \/>\t\t\t\t\t\t\t\t\t\t\t\t\t<\/div>\n\t\t\t\t<\/div>\n\t\t\t\t<\/div>\n\t\t<div class=\"elementor-element elementor-element-c88ce30 e-con-full e-flex e-con e-parent\" data-id=\"c88ce30\" data-element_type=\"container\">\n\t\t<div class=\"elementor-element elementor-element-05e739e e-con-full e-flex e-con e-child\" data-id=\"05e739e\" data-element_type=\"container\">\n\t\t\t\t<div class=\"elementor-element elementor-element-7bc21cf elementor-widget elementor-widget-heading\" data-id=\"7bc21cf\" data-element_type=\"widget\" data-widget_type=\"heading.default\">\n\t\t\t\t<div class=\"elementor-widget-container\">\n\t\t\t<h2 class=\"elementor-heading-title elementor-size-default\">Montage Video<\/h2>\t\t<\/div>\n\t\t\t\t<\/div>\n\t\t\t\t<div class=\"elementor-element elementor-element-88af74e elementor-widget__width-initial elementor-widget elementor-widget-text-editor\" data-id=\"88af74e\" data-element_type=\"widget\" data-widget_type=\"text-editor.default\">\n\t\t\t\t<div class=\"elementor-widget-container\">\n\t\t\t\t\t\t\t<p style=\"text-align: center;\">Du son \u00e0 l&rsquo;image, MPV Drone r\u00e9alise vos montages vid\u00e9os \u00e0 l&rsquo;issu du tournage ainsi que la cr\u00e9ation musicale<\/p>\t\t\t\t\t\t<\/div>\n\t\t\t\t<\/div>\n\t\t\t\t<\/div>\n\t\t\t\t<div class=\"elementor-element elementor-element-9b51eaf elementor-widget__width-initial elementor-widget elementor-widget-image\" data-id=\"9b51eaf\" data-element_type=\"widget\" data-widget_type=\"image.default\">\n\t\t\t\t<div class=\"elementor-widget-container\">\n\t\t\t\t\t\t\t\t\t\t\t\t\t<img decoding=\"async\" width=\"2048\" height=\"724\" src=\"https:\/\/mpvdrone.fr\/wp-content\/uploads\/2023\/11\/droneforet.jpg\" class=\"attachment-2048x2048 size-2048x2048 wp-image-57\" alt=\"\" srcset=\"https:\/\/mpvdrone.fr\/wp-content\/uploads\/2023\/11\/droneforet.jpg 2048w, https:\/\/mpvdrone.fr\/wp-content\/uploads\/2023\/11\/droneforet-300x106.jpg 300w, https:\/\/mpvdrone.fr\/wp-content\/uploads\/2023\/11\/droneforet-1024x362.jpg 1024w, https:\/\/mpvdrone.fr\/wp-content\/uploads\/2023\/11\/droneforet-768x272.jpg 768w, https:\/\/mpvdrone.fr\/wp-content\/uploads\/2023\/11\/droneforet-1536x543.jpg 1536w\" sizes=\"(max-width: 2048px) 100vw, 2048px\" \/>\t\t\t\t\t\t\t\t\t\t\t\t\t<\/div>\n\t\t\t\t<\/div>\n\t\t\t\t<\/div>\n\t\t<div class=\"elementor-element elementor-element-66e0ade e-con-full e-flex e-con e-parent\" data-id=\"66e0ade\" data-element_type=\"container\">\n\t\t<div class=\"elementor-element elementor-element-eba16a5 e-con-full e-flex e-con e-child\" data-id=\"eba16a5\" data-element_type=\"container\">\n\t\t\t\t<div class=\"elementor-element elementor-element-b56406f elementor-widget elementor-widget-heading\" data-id=\"b56406f\" data-element_type=\"widget\" data-widget_type=\"heading.default\">\n\t\t\t\t<div class=\"elementor-widget-container\">\n\t\t\t<h2 class=\"elementor-heading-title elementor-size-default\">Sc\u00e9nario S1 & S3<\/h2>\t\t<\/div>\n\t\t\t\t<\/div>\n\t\t\t\t<div class=\"elementor-element elementor-element-00e9f90 elementor-widget__width-initial elementor-widget elementor-widget-text-editor\" data-id=\"00e9f90\" data-element_type=\"widget\" data-widget_type=\"text-editor.default\">\n\t\t\t\t<div class=\"elementor-widget-container\">\n\t\t\t\t\t\t\t<p style=\"text-align: center;\">Reconnu en tant que professionnel de l&rsquo;aviation civil par la DGAC<\/p>\t\t\t\t\t\t<\/div>\n\t\t\t\t<\/div>\n\t\t\t\t<div class=\"elementor-element elementor-element-530187c elementor-widget elementor-widget-heading\" data-id=\"530187c\" data-element_type=\"widget\" data-widget_type=\"heading.default\">\n\t\t\t\t<div class=\"elementor-widget-container\">\n\t\t\t<h2 class=\"elementor-heading-title elementor-size-default\">Indoor \/ Outdoor<\/h2>\t\t<\/div>\n\t\t\t\t<\/div>\n\t\t\t\t<div class=\"elementor-element elementor-element-e5556f0 elementor-widget__width-initial elementor-widget elementor-widget-text-editor\" data-id=\"e5556f0\" data-element_type=\"widget\" data-widget_type=\"text-editor.default\">\n\t\t\t\t<div class=\"elementor-widget-container\">\n\t\t\t\t\t\t\t<p style=\"text-align: center;\">Drone FPV &amp; Drone Stabilis\u00e9<\/p>\t\t\t\t\t\t<\/div>\n\t\t\t\t<\/div>\n\t\t\t\t<\/div>\n\t\t\t\t<div class=\"elementor-element elementor-element-8c1639c elementor-widget elementor-widget-image\" data-id=\"8c1639c\" data-element_type=\"widget\" data-widget_type=\"image.default\">\n\t\t\t\t<div class=\"elementor-widget-container\">\n\t\t\t\t\t\t\t\t\t\t\t\t\t<img decoding=\"async\" width=\"2398\" height=\"1442\" src=\"https:\/\/mpvdrone.fr\/wp-content\/uploads\/2023\/11\/droneplage.jpg\" class=\"attachment-full size-full wp-image-213\" alt=\"\" srcset=\"https:\/\/mpvdrone.fr\/wp-content\/uploads\/2023\/11\/droneplage.jpg 2398w, https:\/\/mpvdrone.fr\/wp-content\/uploads\/2023\/11\/droneplage-300x180.jpg 300w, https:\/\/mpvdrone.fr\/wp-content\/uploads\/2023\/11\/droneplage-1024x616.jpg 1024w, https:\/\/mpvdrone.fr\/wp-content\/uploads\/2023\/11\/droneplage-768x462.jpg 768w, https:\/\/mpvdrone.fr\/wp-content\/uploads\/2023\/11\/droneplage-1536x924.jpg 1536w, https:\/\/mpvdrone.fr\/wp-content\/uploads\/2023\/11\/droneplage-2048x1232.jpg 2048w\" sizes=\"(max-width: 2398px) 100vw, 2398px\" \/>\t\t\t\t\t\t\t\t\t\t\t\t\t<\/div>\n\t\t\t\t<\/div>\n\t\t\t\t<\/div>\n\t\t<div class=\"elementor-element elementor-element-48b46c4 e-con-full e-flex e-con e-parent\" data-id=\"48b46c4\" data-element_type=\"container\">\n\t\t<div class=\"elementor-element elementor-element-89d218a e-con-full e-flex e-con e-child\" data-id=\"89d218a\" data-element_type=\"container\">\n\t\t\t\t<div class=\"elementor-element elementor-element-4474d85 elementor-widget elementor-widget-heading\" data-id=\"4474d85\" data-element_type=\"widget\" data-widget_type=\"heading.default\">\n\t\t\t\t<div class=\"elementor-widget-container\">\n\t\t\t<h2 class=\"elementor-heading-title elementor-size-default\">Polyvalent<\/h2>\t\t<\/div>\n\t\t\t\t<\/div>\n\t\t\t\t<div class=\"elementor-element elementor-element-0e62428 elementor-widget__width-initial elementor-widget elementor-widget-text-editor\" data-id=\"0e62428\" data-element_type=\"widget\" data-widget_type=\"text-editor.default\">\n\t\t\t\t<div class=\"elementor-widget-container\">\n\t\t\t\t\t\t\t<p style=\"text-align: center;\">Plusieurs type de drones pour diff\u00e9rent style de prestation<\/p>\t\t\t\t\t\t<\/div>\n\t\t\t\t<\/div>\n\t\t\t\t<\/div>\n\t\t\t\t<div class=\"elementor-element elementor-element-b7023b6 elementor-widget elementor-widget-image\" data-id=\"b7023b6\" data-element_type=\"widget\" data-widget_type=\"image.default\">\n\t\t\t\t<div class=\"elementor-widget-container\">\n\t\t\t\t\t\t\t\t\t\t\t\t\t<img loading=\"lazy\" decoding=\"async\" width=\"2048\" height=\"1245\" src=\"https:\/\/mpvdrone.fr\/wp-content\/uploads\/2023\/11\/droneski.jpg\" class=\"attachment-full size-full wp-image-68\" alt=\"\" srcset=\"https:\/\/mpvdrone.fr\/wp-content\/uploads\/2023\/11\/droneski.jpg 2048w, https:\/\/mpvdrone.fr\/wp-content\/uploads\/2023\/11\/droneski-300x182.jpg 300w, https:\/\/mpvdrone.fr\/wp-content\/uploads\/2023\/11\/droneski-1024x623.jpg 1024w, https:\/\/mpvdrone.fr\/wp-content\/uploads\/2023\/11\/droneski-768x467.jpg 768w, https:\/\/mpvdrone.fr\/wp-content\/uploads\/2023\/11\/droneski-1536x934.jpg 1536w\" sizes=\"(max-width: 2048px) 100vw, 2048px\" \/>\t\t\t\t\t\t\t\t\t\t\t\t\t<\/div>\n\t\t\t\t<\/div>\n\t\t\t\t<\/div>\n\t\t<div class=\"elementor-element elementor-element-1a5dd93 e-con-full e-flex e-con e-parent\" data-id=\"1a5dd93\" data-element_type=\"container\">\n\t\t<div class=\"elementor-element elementor-element-d177061 e-con-full e-flex e-con e-child\" data-id=\"d177061\" data-element_type=\"container\">\n\t\t\t\t<div class=\"elementor-element elementor-element-f4125c4 elementor-widget elementor-widget-heading\" data-id=\"f4125c4\" data-element_type=\"widget\" data-widget_type=\"heading.default\">\n\t\t\t\t<div class=\"elementor-widget-container\">\n\t\t\t<h2 class=\"elementor-heading-title elementor-size-default\">Prestation personnalis\u00e9e<\/h2>\t\t<\/div>\n\t\t\t\t<\/div>\n\t\t\t\t<div class=\"elementor-element elementor-element-1add709 elementor-widget__width-initial elementor-widget elementor-widget-text-editor\" data-id=\"1add709\" data-element_type=\"widget\" data-widget_type=\"text-editor.default\">\n\t\t\t\t<div class=\"elementor-widget-container\">\n\t\t\t\t\t\t\t<p style=\"text-align: center;\">Nous r\u00e9alisons tous type de projet en nous adaptant \u00e0 la situation et en vous accompagnant\u00a0 tout au long de l\u2019\u00e9laboration jusqu\u2019\u00e0 la r\u00e9alisation.<\/p><p style=\"text-align: center;\"><br \/>Alors laissez place \u00e0 votre imagination&#8230;<\/p>\t\t\t\t\t\t<\/div>\n\t\t\t\t<\/div>\n\t\t\t\t<\/div>\n\t\t\t\t<div class=\"elementor-element elementor-element-84d61ec elementor-widget elementor-widget-image\" data-id=\"84d61ec\" data-element_type=\"widget\" data-widget_type=\"image.default\">\n\t\t\t\t<div class=\"elementor-widget-container\">\n\t\t\t\t\t\t\t\t\t\t\t\t\t<img loading=\"lazy\" decoding=\"async\" width=\"2560\" height=\"897\" src=\"https:\/\/mpvdrone.fr\/wp-content\/uploads\/2023\/11\/radio-scaled.jpg\" class=\"attachment-full size-full wp-image-239\" alt=\"\" srcset=\"https:\/\/mpvdrone.fr\/wp-content\/uploads\/2023\/11\/radio-scaled.jpg 2560w, https:\/\/mpvdrone.fr\/wp-content\/uploads\/2023\/11\/radio-300x105.jpg 300w, https:\/\/mpvdrone.fr\/wp-content\/uploads\/2023\/11\/radio-1024x359.jpg 1024w, https:\/\/mpvdrone.fr\/wp-content\/uploads\/2023\/11\/radio-768x269.jpg 768w, https:\/\/mpvdrone.fr\/wp-content\/uploads\/2023\/11\/radio-1536x538.jpg 1536w, https:\/\/mpvdrone.fr\/wp-content\/uploads\/2023\/11\/radio-2048x718.jpg 2048w\" sizes=\"(max-width: 2560px) 100vw, 2560px\" \/>\t\t\t\t\t\t\t\t\t\t\t\t\t<\/div>\n\t\t\t\t<\/div>\n\t\t\t\t<\/div>\n\t\t<div class=\"elementor-element elementor-element-8599a23 e-flex e-con-boxed e-con e-parent\" data-id=\"8599a23\" data-element_type=\"container\">\n\t\t\t\t\t<div class=\"e-con-inner\">\n\t\t\t\t\t<\/div>\n\t\t\t\t<\/div>\n\t\t<div class=\"elementor-element elementor-element-8ae9cc2 e-flex e-con-boxed e-con e-parent\" data-id=\"8ae9cc2\" data-element_type=\"container\">\n\t\t\t\t\t<div class=\"e-con-inner\">\n\t\t\t\t<div class=\"elementor-element elementor-element-d0b2411 elementor-widget elementor-widget-video\" data-id=\"d0b2411\" data-element_type=\"widget\" data-settings=\"{&quot;youtube_url&quot;:&quot;https:\\\/\\\/www.youtube.com\\\/watch?v=LTwuSFhCeXg&amp;t=109s&quot;,&quot;video_type&quot;:&quot;youtube&quot;,&quot;controls&quot;:&quot;yes&quot;}\" data-widget_type=\"video.default\">\n\t\t\t\t<div class=\"elementor-widget-container\">\n\t\t\t<style>\/*! elementor - v3.21.0 - 08-05-2024 *\/\n.elementor-widget-video .elementor-widget-container{overflow:hidden;transform:translateZ(0)}.elementor-widget-video .elementor-wrapper{aspect-ratio:var(--video-aspect-ratio)}.elementor-widget-video .elementor-wrapper iframe,.elementor-widget-video .elementor-wrapper video{height:100%;width:100%;display:flex;border:none;background-color:#000}@supports not (aspect-ratio:1\/1){.elementor-widget-video .elementor-wrapper{position:relative;overflow:hidden;height:0;padding-bottom:calc(100% \/ var(--video-aspect-ratio))}.elementor-widget-video .elementor-wrapper iframe,.elementor-widget-video .elementor-wrapper video{position:absolute;top:0;right:0;bottom:0;left:0}}.elementor-widget-video .elementor-open-inline .elementor-custom-embed-image-overlay{position:absolute;top:0;right:0;bottom:0;left:0;background-size:cover;background-position:50%}.elementor-widget-video .elementor-custom-embed-image-overlay{cursor:pointer;text-align:center}.elementor-widget-video .elementor-custom-embed-image-overlay:hover .elementor-custom-embed-play i{opacity:1}.elementor-widget-video .elementor-custom-embed-image-overlay img{display:block;width:100%;aspect-ratio:var(--video-aspect-ratio);-o-object-fit:cover;object-fit:cover;-o-object-position:center center;object-position:center center}@supports not (aspect-ratio:1\/1){.elementor-widget-video .elementor-custom-embed-image-overlay{position:relative;overflow:hidden;height:0;padding-bottom:calc(100% \/ var(--video-aspect-ratio))}.elementor-widget-video .elementor-custom-embed-image-overlay img{position:absolute;top:0;right:0;bottom:0;left:0}}.elementor-widget-video .e-hosted-video .elementor-video{-o-object-fit:cover;object-fit:cover}.e-con-inner>.elementor-widget-video,.e-con>.elementor-widget-video{width:var(--container-widget-width);--flex-grow:var(--container-widget-flex-grow)}<\/style>\t\t<div class=\"elementor-wrapper elementor-open-inline\">\n\t\t\t<div class=\"elementor-video\"><\/div>\t\t<\/div>\n\t\t\t\t<\/div>\n\t\t\t\t<\/div>\n\t\t\t\t<div class=\"elementor-element elementor-element-39dc5a6 elementor-widget elementor-widget-video\" data-id=\"39dc5a6\" data-element_type=\"widget\" data-settings=\"{&quot;youtube_url&quot;:&quot;https:\\\/\\\/www.youtube.com\\\/watch?v=Fxw_2CAihsA&amp;t=155s&quot;,&quot;video_type&quot;:&quot;youtube&quot;,&quot;controls&quot;:&quot;yes&quot;}\" data-widget_type=\"video.default\">\n\t\t\t\t<div class=\"elementor-widget-container\">\n\t\t\t\t\t<div class=\"elementor-wrapper elementor-open-inline\">\n\t\t\t<div class=\"elementor-video\"><\/div>\t\t<\/div>\n\t\t\t\t<\/div>\n\t\t\t\t<\/div>\n\t\t\t\t\t<\/div>\n\t\t\t\t<\/div>\n\t\t<div class=\"elementor-element elementor-element-3a206d5 e-flex e-con-boxed e-con e-parent\" data-id=\"3a206d5\" data-element_type=\"container\">\n\t\t\t\t\t<div class=\"e-con-inner\">\n\t\t\t\t<div class=\"elementor-element elementor-element-716f8a9 elementor-widget elementor-widget-video\" data-id=\"716f8a9\" data-element_type=\"widget\" data-settings=\"{&quot;youtube_url&quot;:&quot;https:\\\/\\\/www.youtube.com\\\/watch?v=gbNfCejdOf8&quot;,&quot;video_type&quot;:&quot;youtube&quot;,&quot;controls&quot;:&quot;yes&quot;}\" data-widget_type=\"video.default\">\n\t\t\t\t<div class=\"elementor-widget-container\">\n\t\t\t\t\t<div class=\"elementor-wrapper elementor-open-inline\">\n\t\t\t<div class=\"elementor-video\"><\/div>\t\t<\/div>\n\t\t\t\t<\/div>\n\t\t\t\t<\/div>\n\t\t\t\t\t<\/div>\n\t\t\t\t<\/div>\n\t\t<div class=\"elementor-element elementor-element-4d8a9cd e-flex e-con-boxed e-con e-parent\" data-id=\"4d8a9cd\" data-element_type=\"container\">\n\t\t\t\t\t<div class=\"e-con-inner\">\n\t\t\t\t\t<\/div>\n\t\t\t\t<\/div>\n\t\t\t\t<\/div>\n\t\t","protected":false},"excerpt":{"rendered":"<p>Pilote Professionel Pilote dipl\u00f4m\u00e9 et certifi\u00e9 disposant des autorisations pour survoler l&rsquo;Europe enti\u00e8re Montage Video Du son \u00e0 l&rsquo;image, MPV Drone r\u00e9alise vos montages vid\u00e9os \u00e0 l&rsquo;issu du tournage ainsi que la cr\u00e9ation musicale Sc\u00e9nario S1 &#038; S3 Reconnu en tant que professionnel de l&rsquo;aviation civil par la DGAC Indoor \/ Outdoor Drone FPV &amp; [&hellip;]<\/p>\n","protected":false},"author":2,"featured_media":0,"parent":0,"menu_order":0,"comment_status":"closed","ping_status":"closed","template":"","meta":{"footnotes":""},"class_list":["post-49","page","type-page","status-publish","hentry"],"_links":{"self":[{"href":"https:\/\/mpvdrone.fr\/index.php\/wp-json\/wp\/v2\/pages\/49","targetHints":{"allow":["GET"]}}],"collection":[{"href":"https:\/\/mpvdrone.fr\/index.php\/wp-json\/wp\/v2\/pages"}],"about":[{"href":"https:\/\/mpvdrone.fr\/index.php\/wp-json\/wp\/v2\/types\/page"}],"author":[{"embeddable":true,"href":"https:\/\/mpvdrone.fr\/index.php\/wp-json\/wp\/v2\/users\/2"}],"replies":[{"embeddable":true,"href":"https:\/\/mpvdrone.fr\/index.php\/wp-json\/wp\/v2\/comments?post=49"}],"version-history":[{"count":97,"href":"https:\/\/mpvdrone.fr\/index.php\/wp-json\/wp\/v2\/pages\/49\/revisions"}],"predecessor-version":[{"id":370,"href":"https:\/\/mpvdrone.fr\/index.php\/wp-json\/wp\/v2\/pages\/49\/revisions\/370"}],"wp:attachment":[{"href":"https:\/\/mpvdrone.fr\/index.php\/wp-json\/wp\/v2\/media?parent=49"}],"curies":[{"name":"wp","href":"https:\/\/api.w.org\/{rel}","templated":true}]}}