{"id":99,"date":"2023-11-17T14:00:37","date_gmt":"2023-11-17T13:00:37","guid":{"rendered":"https:\/\/mpvdrone.fr\/?page_id=99"},"modified":"2023-12-05T13:38:44","modified_gmt":"2023-12-05T12:38:44","slug":"captation-3d","status":"publish","type":"page","link":"https:\/\/mpvdrone.fr\/index.php\/captation-3d\/","title":{"rendered":"Captation 3D"},"content":{"rendered":"\t\t<div data-elementor-type=\"wp-page\" data-elementor-id=\"99\" class=\"elementor elementor-99\">\n\t\t\t\t<div class=\"elementor-element elementor-element-4f82104 e-con-full e-flex e-con e-parent\" data-id=\"4f82104\" data-element_type=\"container\" data-settings=\"{&quot;background_background&quot;:&quot;classic&quot;}\">\n\t\t\t\t<div class=\"elementor-element elementor-element-e568f30 elementor-widget elementor-widget-heading\" data-id=\"e568f30\" data-element_type=\"widget\" data-widget_type=\"heading.default\">\n\t\t\t\t<div class=\"elementor-widget-container\">\n\t\t\t<style>\/*! elementor - v3.21.0 - 08-05-2024 *\/\n.elementor-heading-title{padding:0;margin:0;line-height:1}.elementor-widget-heading .elementor-heading-title[class*=elementor-size-]>a{color:inherit;font-size:inherit;line-height:inherit}.elementor-widget-heading .elementor-heading-title.elementor-size-small{font-size:15px}.elementor-widget-heading .elementor-heading-title.elementor-size-medium{font-size:19px}.elementor-widget-heading .elementor-heading-title.elementor-size-large{font-size:29px}.elementor-widget-heading .elementor-heading-title.elementor-size-xl{font-size:39px}.elementor-widget-heading .elementor-heading-title.elementor-size-xxl{font-size:59px}<\/style><h2 class=\"elementor-heading-title elementor-size-default\">Captation 3D<\/h2>\t\t<\/div>\n\t\t\t\t<\/div>\n\t\t\t\t<\/div>\n\t\t<div class=\"elementor-element elementor-element-d99d798 e-flex e-con-boxed e-con e-parent\" data-id=\"d99d798\" data-element_type=\"container\">\n\t\t\t\t\t<div class=\"e-con-inner\">\n\t\t\t\t<div class=\"elementor-element elementor-element-5c7c439 elementor-widget elementor-widget-text-editor\" data-id=\"5c7c439\" data-element_type=\"widget\" data-widget_type=\"text-editor.default\">\n\t\t\t\t<div class=\"elementor-widget-container\">\n\t\t\t<style>\/*! elementor - v3.21.0 - 08-05-2024 *\/\n.elementor-widget-text-editor.elementor-drop-cap-view-stacked .elementor-drop-cap{background-color:#69727d;color:#fff}.elementor-widget-text-editor.elementor-drop-cap-view-framed .elementor-drop-cap{color:#69727d;border:3px solid;background-color:transparent}.elementor-widget-text-editor:not(.elementor-drop-cap-view-default) .elementor-drop-cap{margin-top:8px}.elementor-widget-text-editor:not(.elementor-drop-cap-view-default) .elementor-drop-cap-letter{width:1em;height:1em}.elementor-widget-text-editor .elementor-drop-cap{float:left;text-align:center;line-height:1;font-size:50px}.elementor-widget-text-editor .elementor-drop-cap-letter{display:inline-block}<\/style>\t\t\t\t<p><span class=\"wixui-rich-text__text\">Au service du patrimoine !<\/span><\/p>\t\t\t\t\t\t<\/div>\n\t\t\t\t<\/div>\n\t\t\t\t<div class=\"elementor-element elementor-element-239992a elementor-widget elementor-widget-text-editor\" data-id=\"239992a\" data-element_type=\"widget\" data-widget_type=\"text-editor.default\">\n\t\t\t\t<div class=\"elementor-widget-container\">\n\t\t\t\t\t\t\t<div id=\"comp-lnxj01oa\" class=\"KcpHeO tz5f0K comp-lnxj01oa wixui-rich-text\" data-testid=\"richTextElement\"><span class=\"wixui-rich-text__text\"><a href=\"http:\/\/www.h3ritage3d.fr\" target=\"_blank\" rel=\"noopener\">En partenariat avec H3ritage 3D<\/a> <\/span><\/div>\t\t\t\t\t\t<\/div>\n\t\t\t\t<\/div>\n\t\t\t\t\t<\/div>\n\t\t\t\t<\/div>\n\t\t<div class=\"elementor-element elementor-element-035f4cd e-con-full e-flex e-con e-parent\" data-id=\"035f4cd\" data-element_type=\"container\">\n\t\t\t\t<div class=\"elementor-element elementor-element-aeea679 elementor-widget__width-initial elementor-widget elementor-widget-text-editor\" data-id=\"aeea679\" data-element_type=\"widget\" data-widget_type=\"text-editor.default\">\n\t\t\t\t<div class=\"elementor-widget-container\">\n\t\t\t\t\t\t\t<div id=\"comp-lnxj01oc\" class=\"KcpHeO tz5f0K comp-lnxj01oc wixui-rich-text\" data-testid=\"richTextElement\"><p class=\"font_7 wixui-rich-text__text\"><span class=\"wixui-rich-text__text\">Gr\u00e2ce \u00e0 nos drones<\/span><span class=\"wixui-rich-text__text\">, <\/span><span class=\"wixui-rich-text__text\">mod\u00e9lisez en 3D plusieurs centaines d\u2019hectares <\/span>en un temps record avec des co\u00fbts limit\u00e9s.<span class=\"wixGuard wixui-rich-text__text\">\u200b<\/span><\/p><p>\u00a0<\/p><p class=\"font_8 wixui-rich-text__text\">La mod\u00e9lisation 3D permet d\u2019obtenir une copie num\u00e9rique d\u2019un b\u00e2timent, d&rsquo;une statue, ou<span class=\"wixui-rich-text__text\"> de<\/span> n&rsquo;importe quel objet. Ce fichier est utilisable par diff\u00e9rents logiciels et peut \u00eatre archiv\u00e9.<\/p><p class=\"font_8 wixui-rich-text__text\"><span class=\"wixGuard wixui-rich-text__text\">\u200b<\/span><\/p><p class=\"font_8 wixui-rich-text__text\">Des avantages concrets :<\/p><ul class=\"font_8 wixui-rich-text__text\"><li class=\"wixui-rich-text__text\"><p class=\"font_8 wixui-rich-text__text\">Un outil pour le BTP : Pr\u00e9voir et organiser la mise en place d\u2019 \u00e9chafaudages, d\u2019inspections, d&rsquo;analyses du b\u00e2ti ou encore des lev\u00e9es de terrain.<span class=\"wixGuard wixui-rich-text__text\">\u200b<\/span><\/p><\/li><\/ul><ul class=\"font_8 wixui-rich-text__text\"><li class=\"wixui-rich-text__text\"><p class=\"font_8 wixui-rich-text__text\">Un outil de communication : visite virtuelle, impression 3D \u00e0 l\u2019\u00e9chelle (goodies, maquettes, support p\u00e9dagogique).<\/p><\/li><li class=\"wixui-rich-text__text\"><p class=\"font_8 wixui-rich-text__text\">Un outil d&rsquo;histoire : Permet d\u2019\u00e9tablir une copie d\u2019un objet ancien sans l\u2019ab\u00eemer.<\/p><\/li><li class=\"wixui-rich-text__text\"><p class=\"font_8 wixui-rich-text__text\">Un outil pour tous ! Un mod\u00e8le imprim\u00e9 en 3D permet aux personne avec un handicap visuel de d\u00e9couvrir le patrimoine et bien plus&#8230;<\/p><\/li><\/ul><\/div>\t\t\t\t\t\t<\/div>\n\t\t\t\t<\/div>\n\t\t\t\t<div class=\"elementor-element elementor-element-4ba8fbe elementor-widget elementor-widget-html\" data-id=\"4ba8fbe\" data-element_type=\"widget\" data-widget_type=\"html.default\">\n\t\t\t\t<div class=\"elementor-widget-container\">\n\t\t\t<div class=\"sketchfab-embed-wrapper\"> <iframe title=\"\u00c9glise de Saint-Martin-du-Puy\" frameborder=\"0\" allowfullscreen mozallowfullscreen=\"true\" webkitallowfullscreen=\"true\" allow=\"autoplay; fullscreen; xr-spatial-tracking\" xr-spatial-tracking execution-while-out-of-viewport execution-while-not-rendered web-share src=\"https:\/\/sketchfab.com\/models\/9453a31a5e9b497f9b5360d902afc86c\/embed\"> <\/iframe> <\/div>\t\t<\/div>\n\t\t\t\t<\/div>\n\t\t\t\t<div class=\"elementor-element elementor-element-bca30f2 elementor-widget elementor-widget-html\" data-id=\"bca30f2\" data-element_type=\"widget\" data-widget_type=\"html.default\">\n\t\t\t\t<div class=\"elementor-widget-container\">\n\t\t\t<div class=\"sketchfab-embed-wrapper\"> <iframe title=\"Sculpture ange\" frameborder=\"0\" allowfullscreen mozallowfullscreen=\"true\" webkitallowfullscreen=\"true\" allow=\"autoplay; fullscreen; xr-spatial-tracking\" xr-spatial-tracking execution-while-out-of-viewport execution-while-not-rendered web-share width=\"400\" height=\"400\" src=\"https:\/\/sketchfab.com\/models\/bd88481216314434b0bbaddbfbb85792\/embed\"> <\/iframe> <p style=\"font-size: 13px; font-weight: normal; margin: 5px; color: #4A4A4A;\"> <a href=\"https:\/\/sketchfab.com\/3d-models\/sculpture-ange-bd88481216314434b0bbaddbfbb85792?utm_medium=embed&utm_campaign=share-popup&utm_content=bd88481216314434b0bbaddbfbb85792\" target=\"_blank\" rel=\"nofollow\" style=\"font-weight: bold; color: #1CAAD9;\"> Sculpture ange <\/a> by <a href=\"https:\/\/sketchfab.com\/H3RITAGE3D?utm_medium=embed&utm_campaign=share-popup&utm_content=bd88481216314434b0bbaddbfbb85792\" target=\"_blank\" rel=\"nofollow\" style=\"font-weight: bold; color: #1CAAD9;\"> H3RITAGE3D <\/a> on <a href=\"https:\/\/sketchfab.com?utm_medium=embed&utm_campaign=share-popup&utm_content=bd88481216314434b0bbaddbfbb85792\" target=\"_blank\" rel=\"nofollow\" style=\"font-weight: bold; color: #1CAAD9;\">Sketchfab<\/a><\/p><\/div>\t\t<\/div>\n\t\t\t\t<\/div>\n\t\t\t\t<\/div>\n\t\t\t\t<\/div>\n\t\t","protected":false},"excerpt":{"rendered":"<p>Captation 3D Au service du patrimoine ! En partenariat avec H3ritage 3D Gr\u00e2ce \u00e0 nos drones, mod\u00e9lisez en 3D plusieurs centaines d\u2019hectares en un temps record avec des co\u00fbts limit\u00e9s.\u200b \u00a0 La mod\u00e9lisation 3D permet d\u2019obtenir une copie num\u00e9rique d\u2019un b\u00e2timent, d&rsquo;une statue, ou de n&rsquo;importe quel objet. Ce fichier est utilisable par diff\u00e9rents logiciels [&hellip;]<\/p>\n","protected":false},"author":2,"featured_media":0,"parent":0,"menu_order":0,"comment_status":"closed","ping_status":"closed","template":"","meta":{"footnotes":""},"class_list":["post-99","page","type-page","status-publish","hentry"],"_links":{"self":[{"href":"https:\/\/mpvdrone.fr\/index.php\/wp-json\/wp\/v2\/pages\/99","targetHints":{"allow":["GET"]}}],"collection":[{"href":"https:\/\/mpvdrone.fr\/index.php\/wp-json\/wp\/v2\/pages"}],"about":[{"href":"https:\/\/mpvdrone.fr\/index.php\/wp-json\/wp\/v2\/types\/page"}],"author":[{"embeddable":true,"href":"https:\/\/mpvdrone.fr\/index.php\/wp-json\/wp\/v2\/users\/2"}],"replies":[{"embeddable":true,"href":"https:\/\/mpvdrone.fr\/index.php\/wp-json\/wp\/v2\/comments?post=99"}],"version-history":[{"count":29,"href":"https:\/\/mpvdrone.fr\/index.php\/wp-json\/wp\/v2\/pages\/99\/revisions"}],"predecessor-version":[{"id":348,"href":"https:\/\/mpvdrone.fr\/index.php\/wp-json\/wp\/v2\/pages\/99\/revisions\/348"}],"wp:attachment":[{"href":"https:\/\/mpvdrone.fr\/index.php\/wp-json\/wp\/v2\/media?parent=99"}],"curies":[{"name":"wp","href":"https:\/\/api.w.org\/{rel}","templated":true}]}}